{"id":200,"date":"2022-10-26T17:07:56","date_gmt":"2022-10-26T15:07:56","guid":{"rendered":"https:\/\/upnet.dyndns.biz\/?page_id=200"},"modified":"2024-10-16T18:56:49","modified_gmt":"2024-10-16T16:56:49","slug":"fritid","status":"publish","type":"page","link":"https:\/\/upnet.dyndns.biz\/index.php\/fritid\/","title":{"rendered":"Fritid"},"content":{"rendered":"<h3>BAD<\/h3>\n<p><\/p>\n<table>\n<tbody>\n<tr>\n<td style=\"border: none;\"><a href=\"https:\/\/www.uppsala.se\/kultur-och-fritid\/aktiviteter-motion-och-idrott\/motion-och-bad\/badplatser\/sunnerstabadet\/?AcceptAllCookies=\" target=\"_blank\" rel=\"noopener\">Sunnerstabadet<\/a><\/td>\n<td style=\"border: none;\"><a href=\"https:\/\/www.uppsala.se\/kultur-och-fritid\/aktiviteter-motion-och-idrott\/motion-och-bad\/badplatser\/lyssnaangsbadet\/\" target=\"_blank\" rel=\"noopener\">Lyssnar\u00e4ngsbadet<\/a><\/td>\n<\/tr>\n<\/tbody>\n<\/table>\n<h3>PROMENAD<\/h3>\n<p><\/p>\n<table>\n<tbody>\n<tr>\n<td style=\"border: none;\"><a href=\"http:\/\/stabbygarden.se\/\" target=\"_blank\" rel=\"noopener\">Stabbyg\u00e5rden<\/a><\/td>\n<td style=\"border: none;\"><a href=\"https:\/\/www.uppsala.se\/globalassets\/dokument\/friluftsomraden\/stadsskogen_folder_12s_dec2017.pdf\" target=\"_blank\" rel=\"noopener\">Stadsskogen<\/a><\/td>\n<td style=\"border: none;\"><a href=\"https:\/\/destinationuppsala.se\/activities\/hammarskog\/\" target=\"_blank\" rel=\"noopener\">Hammarskog<\/a><\/td>\n<td style=\"border: none;\"><a href=\"https:\/\/www.uppsala.se\/kultur-och-fritid\/natur-parker-och-friluftsliv\/friluftsomraden-naturreservat-och-leder\/friluftsomraden-och-naturreservat\/hagadalen-nastens-naturreservat\/\" target=\"_blank\" rel=\"noopener\">H\u00e5gadalen<\/a><\/td>\n<\/tr\n\n\n<tr>\n<td style=\"border: none;\"><a href=\"https:\/\/ostgotanation.se\" target=\"_blank\" rel=\"noopener\"><\/a><\/td>\n<\/tr>\n<\/tbody>\n<\/table>\n<h3>SPORT<\/h3>\n<p><\/p>\n<table>\n<tbody>\n<tr>\n<td style=\"border: none;\"><a href=\"https:\/\/everypadel.se\" target=\"_blank\" rel=\"noopener\">Every padel Fyrislund<\/a><\/td>\n<\/tr\n<\/tbody>\n<\/table>\n","protected":false},"excerpt":{"rendered":"<p>BAD Sunnerstabadet Lyssnar\u00e4ngsbadet PROMENAD Stabbyg\u00e5rden Stadsskogen Hammarskog H\u00e5gadalen<\/p>\n","protected":false},"author":1,"featured_media":0,"parent":0,"menu_order":0,"comment_status":"closed","ping_status":"closed","template":"","meta":{"_monsterinsights_skip_tracking":false,"_monsterinsights_sitenote_active":false,"_monsterinsights_sitenote_note":"","_monsterinsights_sitenote_category":0,"footnotes":""},"class_list":["post-200","page","type-page","status-publish","hentry"],"_links":{"self":[{"href":"https:\/\/upnet.dyndns.biz\/index.php\/wp-json\/wp\/v2\/pages\/200","targetHints":{"allow":["GET"]}}],"collection":[{"href":"https:\/\/upnet.dyndns.biz\/index.php\/wp-json\/wp\/v2\/pages"}],"about":[{"href":"https:\/\/upnet.dyndns.biz\/index.php\/wp-json\/wp\/v2\/types\/page"}],"author":[{"embeddable":true,"href":"https:\/\/upnet.dyndns.biz\/index.php\/wp-json\/wp\/v2\/users\/1"}],"replies":[{"embeddable":true,"href":"https:\/\/upnet.dyndns.biz\/index.php\/wp-json\/wp\/v2\/comments?post=200"}],"version-history":[{"count":12,"href":"https:\/\/upnet.dyndns.biz\/index.php\/wp-json\/wp\/v2\/pages\/200\/revisions"}],"predecessor-version":[{"id":262,"href":"https:\/\/upnet.dyndns.biz\/index.php\/wp-json\/wp\/v2\/pages\/200\/revisions\/262"}],"wp:attachment":[{"href":"https:\/\/upnet.dyndns.biz\/index.php\/wp-json\/wp\/v2\/media?parent=200"}],"curies":[{"name":"wp","href":"https:\/\/api.w.org\/{rel}","templated":true}]}}