{"id":77,"date":"2021-06-21T15:03:22","date_gmt":"2021-06-21T13:03:22","guid":{"rendered":"https:\/\/upnet.dyndns.biz\/?page_id=77"},"modified":"2024-11-15T18:30:21","modified_gmt":"2024-11-15T17:30:21","slug":"service","status":"publish","type":"page","link":"https:\/\/upnet.dyndns.biz\/index.php\/service\/","title":{"rendered":"Service"},"content":{"rendered":"<h3>SJUKV\u00c5RD<\/h3>\n<table>\n<tbody>\n<tr>\n<td style=\"border: none;\"><a href=\"https:\/\/www.1177.se\/Uppsala-lan\/hitta-vard\/kontaktkort\/Kungsgardets-vardcentral-Uppsala\/\" target=\"_blank\" rel=\"noopener\">Kungsg\u00e4rdets VC<\/a><\/td>\n<\/tr>\n<tr>\n<td style=\"border: none;\"><a href=\"https:\/\/geblod.nu\" target=\"_blank\" rel=\"noopener\">Blodgivning<\/a><\/td>\n<td style=\"border: none;\"><a href=\"http:\/\/www.lansvaccinationer.se\/0_kontakt_2col.htm\" target=\"_blank\" rel=\"noopener\">L\u00e4nsvaccinationer<\/a><\/td>\n<\/tr>\n<\/tbody>\n<\/table>\n<h3>TANDL\u00c4KARE<\/h3>\n<table>\n<tbody>\n<tr>\n<td style=\"border: none;\"><a href=\"https:\/\/www.ekebytand.se\/\" target=\"_blank\" rel=\"noopener\">Ekeby tandl\u00e4kare<\/a><\/td>\n<\/tr>\n<\/tbody>\n<\/table>\n<h3>STUDENT<\/h3>\n<table>\n<tbody>\n<tr>\n<td style=\"border: none;\"><a href=\"https:\/\/www.heimdal.nu\" target=\"_blank\" rel=\"noopener\">Heimdal (Borgerlig studentf\u00f6rening)<\/a><\/td>\n<\/tr>\n<tr>\n<td style=\"border: none;\"><a href=\"https:\/\/ostgotanation.se\" target=\"_blank\" rel=\"noopener\">\u00d6stg\u00f6ta nation<\/a><\/td>\n<\/tr>\n<\/tbody>\n<\/table>\n<h3>SENIOR<\/h3>\n<table>\n<tbody>\n<tr>\n<td style=\"border: none;\"><a href=\"https:\/\/pro.se\/distrikt\/distrikt-uppsala-lan\/samorganisationer\/samorganisation-uppsala\/foreningar\/eriksberg.html\" target=\"_blank\" rel=\"noopener\">PRO Eriksberg<\/a><\/td>\n<td style=\"border: none;\"><a href=\"https:\/\/www.spfseniorerna.se\/distrikt\/uppsaladistriktet\/foreningslista\/luthagen\/\" target=\"_blank\" rel=\"noopener\">SPF Luthagen<\/a><\/td>\n<\/tr>\n<\/tbody>\n<\/table>\n<h3>BILSERVICE<\/h3>\n<table>\n<tbody>\n<tr>\n<td style=\"border: none;\"><a href=\"https:\/\/dackcity.nu\/\" target=\"_blank\" rel=\"noopener\">D\u00e4ckcity (D\u00e4ck, service)<\/a><\/td>\n<\/tr>\n<tr>\n<td style=\"border: none;\"><a href=\"https:\/\/www.bil5an.se\/\" target=\"_blank\" rel=\"noopener\">Bil5an (Rekond, service)<\/a><\/td>\n<\/tr>\n<\/tbody>\n<\/table>\n","protected":false},"excerpt":{"rendered":"<p>SJUKV\u00c5RD Kungsg\u00e4rdets VC Blodgivning L\u00e4nsvaccinationer TANDL\u00c4KARE Ekeby tandl\u00e4kare STUDENT Heimdal (Borgerlig studentf\u00f6rening) \u00d6stg\u00f6ta nation SENIOR PRO Eriksberg SPF Luthagen BILSERVICE D\u00e4ckcity (D\u00e4ck, service) Bil5an (Rekond, service)<\/p>\n","protected":false},"author":1,"featured_media":0,"parent":0,"menu_order":0,"comment_status":"closed","ping_status":"closed","template":"","meta":{"_monsterinsights_skip_tracking":false,"_monsterinsights_sitenote_active":false,"_monsterinsights_sitenote_note":"","_monsterinsights_sitenote_category":0,"footnotes":""},"class_list":["post-77","page","type-page","status-publish","hentry"],"_links":{"self":[{"href":"https:\/\/upnet.dyndns.biz\/index.php\/wp-json\/wp\/v2\/pages\/77","targetHints":{"allow":["GET"]}}],"collection":[{"href":"https:\/\/upnet.dyndns.biz\/index.php\/wp-json\/wp\/v2\/pages"}],"about":[{"href":"https:\/\/upnet.dyndns.biz\/index.php\/wp-json\/wp\/v2\/types\/page"}],"author":[{"embeddable":true,"href":"https:\/\/upnet.dyndns.biz\/index.php\/wp-json\/wp\/v2\/users\/1"}],"replies":[{"embeddable":true,"href":"https:\/\/upnet.dyndns.biz\/index.php\/wp-json\/wp\/v2\/comments?post=77"}],"version-history":[{"count":15,"href":"https:\/\/upnet.dyndns.biz\/index.php\/wp-json\/wp\/v2\/pages\/77\/revisions"}],"predecessor-version":[{"id":287,"href":"https:\/\/upnet.dyndns.biz\/index.php\/wp-json\/wp\/v2\/pages\/77\/revisions\/287"}],"wp:attachment":[{"href":"https:\/\/upnet.dyndns.biz\/index.php\/wp-json\/wp\/v2\/media?parent=77"}],"curies":[{"name":"wp","href":"https:\/\/api.w.org\/{rel}","templated":true}]}}